{"id":6619,"date":"2023-09-15T09:49:07","date_gmt":"2023-09-15T09:49:07","guid":{"rendered":"https:\/\/eusmedika.com\/pribatutasun-politika\/"},"modified":"2025-02-25T11:39:27","modified_gmt":"2025-02-25T11:39:27","slug":"pribatutasun-politika","status":"publish","type":"page","link":"https:\/\/masfiv.com\/eu\/pribatutasun-politika\/","title":{"rendered":"Pribatutasun politika"},"content":{"rendered":"&#13;\n<h2 class=\"wp-block-heading\">Pribatutasun politika<\/h2>&#13;\n<p>\u00a0<\/p>&#13;\n&#13;\n<h3>1. \u00bfPor qu\u00e9 una pol\u00edtica de protecci\u00f3n de datos?<\/h3>&#13;\n<p><br\/>INSTITUTO MASFIV SLn zure pribatutasuna oso serio hartzen dugu eta zure datu pertsonalak babesteko eta babesteko konpromisoa hartzen dugu. Ildo horretatik, Datu Pertsonalak Babesteko Politika bat ezarri dugu, zeinak INSTITUTO MASFIV SL-k gai honetan duen jarduketa arautzen du, tratatzen ditugun datu pertsonalen jabeen eskubideak eta askatasunak bermatzeko helburuarekin. <br\/>Zuk agindu dizkiguzun helburuak hobekien betetzeko soilik erabiliko ditugu. Jakin behar duzu, halaber, zenbait kasutan legezko betebeharrak betetzeko beharrezkoak izango direla. <\/p>&#13;\n<p><br\/>Parte hartzen duzun taldea edozein izanda ere (bezeroa, bezero potentziala, hornitzailea, langilea&#8230;, nahi duzuna INSTITUTO MASFIV SLn lanean hastea bada ere, zure datuak beharko ditugu eskaintzen ditugun zerbitzuak kudeatzeko). Dokumentu hau sinplea izatea, jerga juridikorik gabekoa, eta zure datu pertsonalak nola, zergatik eta zertarako erabiltzen ditugun buruzko galderei erantzuten laguntzea dugu helburu. Hala ere, edozein zalantza izanez gero, gurekin harremanetan jar zaitezke ADMINISTRACION@MASFIV.COM helbidera.  <\/p>&#13;\n<p>\u00a0<\/p>&#13;\n<h3>2. \u00bfQui\u00e9n es el responsable del tratamiento?<\/h3>&#13;\n<p><br\/>Datuen Arduraduna INSTITUTO MASFIV SL IFZ\/IFK: B75221457<br\/> Helbidea Zuatzu Kalea, 7 DONOSTIA-SAN SEBASTIAN GUIP\u00daZCOA<br\/> Posta elektronikoa ADMINISTRAZIOA@MASFIV.COM<br\/> Datuak Babesteko arduraduna JOKIN CUELLO CARRETERO<\/p>&#13;\n<p>\u00a0<\/p>&#13;\n<h3>3. \u00bfCu\u00e1l es la normativa aplicable?<\/h3>&#13;\n<p><br\/>INSTITUTO MASFIV SL-k datu pertsonalak babesteko politika aktiboa garatzen du 3\/2018 Lege Organikoan, Datu Pertsonalak Babesteari eta eskubide digitalen bermeari buruzkoa; 2016\/679 (EB) Erregelamendua, Datuak Babesteko Erregelamendu Orokorra (GDPR) eta 34\/2002 Legea, uztailaren 11koa, Informazioaren Gizarteko Zerbitzuei eta Merkataritza Elektronikoari buruzkoa.<\/p>&#13;\n&#13;\n<p>\u00a0<\/p>&#13;\n<h3 class=\"wp-block-heading\">4. Zein helbururekin biltzen dugu zure informazio pertsonala?<\/h3>&#13;\n<p><br\/>La principal finalidad por la que recabamos y tratamos datos personales es la de prestar el servicio que nos ha encomendado.<\/p>&#13;\n<p><br\/>\u2022 INSTITUTO MASFIV SL utiliza usualmente datos personales para gestionar su actividad.<br\/>\u2022 Es habitual que desarrollemos la actividad de publicidad mediante el uso de datos anonimizados, seudonimizados y excepcionalmente mediante el uso de datos personales.<br\/>\u2022 Es posible que todos los colectivos con acceso a esta p\u00e1gina web disfruten de servicios adicionales que requieren tratar datos personales. Necesitamos identificarle ya sea para presentar sugerencias o quejas, responder a solicitudes de informaci\u00f3n, etc.<br\/>\u2022 Para proporcionarle seguridad, controlamos el acceso a edificios y realizamos labores de videovigilancia.<br\/>\u2022 En determinadas ocasiones, INSTITUTO MASFIV SL, podr\u00edamos utilizar datos personales en la divulgaci\u00f3n de las actividades que realizamos.<br\/>\u2022 Registramos los contratos de los distintos proveedores que proporcionan bienes y servicios que INSTITUTO MASFIV SL necesita para funcionar.<br\/>\u2022 Cuando nos presenta cualquier petici\u00f3n, ya sea en soporte papel o a trav\u00e9s de correo electr\u00f3nico, tratamos los datos necesarios para gestionar administrativamente las solicitudes.<br\/>\u2022 Tambi\u00e9n podemos tratar datos cuando suscriba servicios voluntarios como recibir informaci\u00f3n en listas de distribuci\u00f3n.<br\/><br\/>En cada uno de estos casos, tratamos los m\u00ednimos datos necesarios.<\/p>&#13;\n<h3><br\/>5. Nola lortzen dugu zure informazio pertsonala?<\/h3>&#13;\n<p><br\/>Casi toda la informaci\u00f3n nos la proporciona al cumplimentar formularios. Por ejemplo, al contratar nuestros servicios, al adquirir nuestros productos, al participar en procesos selectivos o al firmar un contrato laboral. Gracias a esa informaci\u00f3n b\u00e1sica podemos gestionar la prestaci\u00f3n de servicios generales.<br\/><br\/>En otros servicios, en los que se puede inscribir voluntariamente, como recibir informaci\u00f3n en listas de distribuci\u00f3n, tratamos los datos que proporciona en los formularios de registro.<\/p>&#13;\n<h3><br\/>6. Zein zilegitasun du INSTITUTO MASFIV SLk zure informazio pertsonala tratatzeko?<\/h3>&#13;\n<p><br\/>Un principio b\u00e1sico para garantizar los derechos de las personas consiste en tratar sus datos s\u00f3lo cuando existe una causa legal para ello. En nuestro caso, seg\u00fan el tipo de gesti\u00f3n o servicio existen varias causas:<br\/><br\/>\u2022 Nos has dado su consentimiento: Esto sucede cuando se inscribe en servicios voluntarios como listas de distribuci\u00f3n.<br\/>\u2022 Formalizas una relaci\u00f3n de naturaleza contractual: Por ejemplo, cuando celebre un contrato laboral o de servicios con INSTITUTO MASFIV SL, o suscribe alg\u00fan servicio remunerado, entre otros.<br\/>\u2022 Tenemos que cumplir con alguna obligaci\u00f3n legal: INSTITUTO MASFIV SL debe cumplir con deberes fiscales, tambi\u00e9n con deberes relacionados con la Seguridad Social, colaborar con las Consejer\u00edas o Ministerios, con las Fuerzas y Cuerpos de Seguridad o los jueces y para ello es necesario tratar datos personales.<br\/>\u2022 Debemos proteger su salud o integridad: En el desarrollo de pol\u00edticas de prevenci\u00f3n, si alguien enferma repentinamente o se accidenta en nuestras instalaciones, cuando los servicios de salud p\u00fablica detectan una enfermedad de declaraci\u00f3n obligatoria, cuando una persona por raz\u00f3n de enfermedad puede ponerse en peligro o afectar a la seguridad de otros, debemos tratar los datos conforme dispone la Ley.<\/p>&#13;\n<p>\u00a0<\/p>&#13;\n<h3>7. Nori helarazten dizkiogu zure datu pertsonalak?<\/h3>&#13;\n<p><br\/>Su informaci\u00f3n personal quedar\u00e1 a disposici\u00f3n de Jueces, Tribunales y Administraciones p\u00fablicas en previsi\u00f3n de las posibles responsabilidades derivadas del tratamiento. Asimismo, tenemos el deber legal de colaborar con las Fuerzas y Cuerpos de Seguridad cuando resulte necesario. En los supuestos en que estemos obligados por ley o estemos legitimados, no solicitaremos su consentimiento, pero s\u00ed lo haremos en los casos en que haya que proporcionar datos a terceros para prestarte un servicio. As\u00ed, por ejemplo, podemos comunicar datos a empresas colaboradoras. Para verificar en cada caso las cesiones le recomendamos que consulte nuestro registro de actividades de tratamiento.<\/p>&#13;\n<h3><br\/>8. Nazioarteko datu-transferentziak egiten al dira?<\/h3>&#13;\n<p><br\/>No est\u00e1n previstas transferencias internacionales de datos. En caso de que existiera la necesidad de realizar alguna, siempre nos aseguraremos de que los datos viajen a pa\u00edses donde est\u00e9n seguros, ya sea porque cumplen la normativa europea o porque tienen suscritos convenios espec\u00edficos en materia de protecci\u00f3n de datos.<\/p>&#13;\n<h3><br\/>9. Noiz arte gordetzen ditugu zure datuak?<\/h3>&#13;\n<p><br\/>Los datos personales proporcionados se conservar\u00e1n durante el plazo correspondiente para cumplir con el tratamiento para el que sean necesarios, con las obligaciones legales, o hasta que se solicite su supresi\u00f3n por el interesado estando legitimado para ello. Tambi\u00e9n ser\u00e1n conservados el tiempo necesario para la resoluci\u00f3n de posibles responsabilidades que pudieran acontecer derivadas del tratamiento.<br\/>Por razones de archivo en inter\u00e9s p\u00fablico, en ocasiones, es posible que la pervivencia de los datos sea permanente. En tales casos, se almacenar\u00e1n \u00fanicamente aquellos datos que resulten imprescindibles.<\/p>&#13;\n<h3><br\/>10. Nola babesten dugu informazioa?<\/h3>&#13;\n<p><br\/>En INSTITUTO MASFIV SL, aplicamos las medidas t\u00e9cnicas y organizativas para tratar de garantizar la seguridad de los sistemas de informaci\u00f3n y as\u00ed evitar el robo, alteraci\u00f3n o accesos no autorizados a datos. En caso de subcontrataci\u00f3n de servicios, exigiremos y velaremos por que el encargado del tratamiento aplique medidas an\u00e1logas a las implementadas en INSTITUTO MASFIV SL. <br\/><br\/>Para m\u00e1s informaci\u00f3n, consulta la Pol\u00edtica de Protecci\u00f3n de Datos de INSTITUTO MASFIV SL.<\/p>&#13;\n<p>\u00a0<\/p>&#13;\n<h3>11. Zein eskubide dituzu zure datu pertsonalekin lotuta?<\/h3>&#13;\n<p><br\/>Cualquier persona, en calidad de titular de datos personales, tiene reconocidos los siguientes derechos en los t\u00e9rminos y condiciones previstas en los art\u00edculos 16 al 22 del RGPD:<br\/><br\/>\u2022 Acceso a los datos que est\u00e1n siendo tratados.<br\/>\u2022 Rectificaci\u00f3n de los datos inexactos o que se consideren incompletos.<br\/>\u2022 Cancelaci\u00f3n de los datos personales que le conciernen.<br\/>\u2022 Limitaci\u00f3n del tratamiento.<br\/>\u2022 Portabilidad de sus datos.<br\/>\u2022 Oposici\u00f3n al tratamiento.<\/p>&#13;\n<h3><br\/>12. Nola gauza ditzakezu zure eskubideak?<\/h3>&#13;\n<p><br\/>Para poder mantener en todo momento el control sobre sus datos tiene derecho acceder a su informaci\u00f3n personal, as\u00ed como a solicitar la rectificaci\u00f3n de los datos inexactos o, en su caso, solicitar su cancelaci\u00f3n o supresi\u00f3n. En determinadas circunstancias, y por motivos relacionados con su situaci\u00f3n particular, podr\u00e1 oponerse al tratamiento de sus datos. De igual forma, puedes ejercer el derecho de limitaci\u00f3n del tratamiento de su informaci\u00f3n personal, solicit\u00e1ndonos su conservaci\u00f3n y tambi\u00e9n la portabilidad de tus datos.<br\/><br\/>Para que podamos mantener sus datos personales actualizados, es importante que nos informe siempre que haya alguna modificaci\u00f3n en ellos, en caso contrario, no podremos responder de su veracidad. Puede ejercer sus derechos sin coste alguno. Nos comprometemos a darle respuesta en los plazos establecidos por la legislaci\u00f3n vigente.<br\/><br\/>La solicitud debe ir dirigida a:<br\/>Delegado Responsable de Protecci\u00f3n de Datos<br\/><br\/>Puede ejercer sus derechos de los siguientes modos:<br\/><br\/>a) Presentaci\u00f3n telem\u00e1tica: mediante un correo electr\u00f3nico dirigido a: ADMINISTRACION@MASFIV.COM<br\/>b) Correo postal: mediante escrito dirigido a: Zuatzu Kalea, 7 DONOSTIA-SAN SEBASTIAN GUIP\u00daZCOA<br\/><br\/>El ejercicio de derechos es personal y por ello necesitamos identificarle de modo inequ\u00edvoco. En todos los casos, debe aportar la siguiente documentaci\u00f3n:<br\/>\u2022 Acreditaci\u00f3n de la identidad del interesado mediante cualquier documento v\u00e1lido, como DNI o pasaporte.<br\/>\u2022 Nombre y apellidos del interesado o, cuando corresponda, de la persona que le represente, as\u00ed como el documento acreditativo de tal representaci\u00f3n.<br\/>\u2022 Petici\u00f3n en que se concreta la solicitud.<br\/>\u2022 Direcci\u00f3n a efectos de notificaciones, fecha y firma del solicitante.<br\/>\u2022 Documentos acreditativos de la petici\u00f3n que formula, si corresponde.<br\/>\u2022 En caso de la rectificaci\u00f3n o cancelaci\u00f3n, indicaci\u00f3n del dato a rectificar o cancelar y la causa que lo justifica.<\/p>&#13;\n<p>\u00a0<\/p>&#13;\n<h3>13. Nork bermatzen ditu zure eskubideak? Nori kexatu zaitezke? <\/h3>&#13;\n<p><br\/>Trataremos de dar respuesta a su solicitud de la mejor manera posible. A pesar de ello, si no est\u00e1 satisfecho, puede presentar una reclamaci\u00f3n u obtener informaci\u00f3n adicional sobre la regulaci\u00f3n del tratamiento de datos personales ante la autoridad control competente, siendo la autoridad de control estatal la Agencia Espa\u00f1ola de Protecci\u00f3n de Datos (AEPD).<\/p>&#13;\n<h3><br\/>14. Zein da gure cookie-politika?<\/h3>&#13;\n<p><br\/>Las aplicaciones web de INSTITUTO MASFIV SL env\u00edan informaci\u00f3n a su navegador para permitir memorizar opciones o el funcionamiento de la sesi\u00f3n del usuario. Estos fragmentos de informaci\u00f3n que se env\u00edan al navegador y que perduran en \u00e9l durante un tiempo limitado son lo que llamamos cookies. Puede consultar nuestra pol\u00edtica sobre cookies.<\/p>&#13;\n<h3><br\/>15. Zer gertatzen da sare sozialetan zure pribatutasunarekin?<\/h3>&#13;\n<p><br\/>INSTITUTO MASFIV SL est\u00e1 presente en las redes sociales con la finalidad de difundir su actividad y generar canales de comunicaci\u00f3n al servicio de sus usuarios.<\/p>&#13;\n<h3><br\/>16. Pribatutasun politika aldatuko al da?<\/h3>&#13;\n<p><br\/>La presente Pol\u00edtica de Privacidad puede ser modificada para adaptarla a los cambios que se produzcan en nuestra web, as\u00ed como a las modificaciones legislativas o jurisprudenciales sobre datos personales que vayan surgiendo.<\/p>&#13;\n","protected":false},"excerpt":{"rendered":"<p>&#13; Pribatutasun politika &#13; \u00a0 &#13; &#13; 1. \u00bfPor qu\u00e9  [&#8230;]<\/p>\n","protected":false},"author":5,"featured_media":0,"parent":0,"menu_order":0,"comment_status":"closed","ping_status":"closed","template":"100-width.php","meta":{"footnotes":""},"class_list":["post-6619","page","type-page","status-publish","hentry"],"_links":{"self":[{"href":"https:\/\/masfiv.com\/eu\/wp-json\/wp\/v2\/pages\/6619","targetHints":{"allow":["GET"]}}],"collection":[{"href":"https:\/\/masfiv.com\/eu\/wp-json\/wp\/v2\/pages"}],"about":[{"href":"https:\/\/masfiv.com\/eu\/wp-json\/wp\/v2\/types\/page"}],"author":[{"embeddable":true,"href":"https:\/\/masfiv.com\/eu\/wp-json\/wp\/v2\/users\/5"}],"replies":[{"embeddable":true,"href":"https:\/\/masfiv.com\/eu\/wp-json\/wp\/v2\/comments?post=6619"}],"version-history":[{"count":5,"href":"https:\/\/masfiv.com\/eu\/wp-json\/wp\/v2\/pages\/6619\/revisions"}],"predecessor-version":[{"id":7237,"href":"https:\/\/masfiv.com\/eu\/wp-json\/wp\/v2\/pages\/6619\/revisions\/7237"}],"wp:attachment":[{"href":"https:\/\/masfiv.com\/eu\/wp-json\/wp\/v2\/media?parent=6619"}],"curies":[{"name":"wp","href":"https:\/\/api.w.org\/{rel}","templated":true}]}}