{"id":7942,"date":"2025-04-09T11:01:32","date_gmt":"2025-04-09T11:01:32","guid":{"rendered":"https:\/\/masfiv.com\/primo-consulto-di-riproduzione-assistita\/"},"modified":"2025-04-09T13:21:59","modified_gmt":"2025-04-09T13:21:59","slug":"primo-consulto-di-riproduzione-assistita","status":"publish","type":"page","link":"https:\/\/masfiv.com\/it\/diagnosi\/primo-consulto-di-riproduzione-assistita\/","title":{"rendered":"Primo consulto di riproduzione assistita"},"content":{"rendered":"<p><div class=\"fusion-fullwidth fullwidth-box fusion-builder-row-1 fusion-flex-container has-pattern-background has-mask-background nonhundred-percent-fullwidth non-hundred-percent-height-scrolling\" style=\"--awb-border-radius-top-left:0px;--awb-border-radius-top-right:0px;--awb-border-radius-bottom-right:0px;--awb-border-radius-bottom-left:0px;--awb-flex-wrap:wrap;\" ><div class=\"fusion-builder-row fusion-row fusion-flex-align-items-flex-start fusion-flex-justify-content-center fusion-flex-content-wrap\" style=\"max-width:1372.8px;margin-left: calc(-4% \/ 2 );margin-right: calc(-4% \/ 2 );\"><div class=\"fusion-layout-column fusion_builder_column fusion-builder-column-0 fusion_builder_column_5_6 5_6 fusion-flex-column\" style=\"--awb-bg-size:cover;--awb-width-large:83.333333333333%;--awb-margin-top-large:0px;--awb-spacing-right-large:2.304%;--awb-margin-bottom-large:0px;--awb-spacing-left-large:2.304%;--awb-width-medium:83.333333333333%;--awb-order-medium:0;--awb-spacing-right-medium:2.304%;--awb-spacing-left-medium:2.304%;--awb-width-small:100%;--awb-order-small:0;--awb-spacing-right-small:1.92%;--awb-spacing-left-small:1.92%;\"><div class=\"fusion-column-wrapper fusion-column-has-shadow fusion-flex-justify-content-flex-start fusion-content-layout-column\"><div class=\"fusion-title title fusion-title-1 fusion-sep-none fusion-title-text fusion-title-size-one\"><h1 class=\"fusion-title-heading title-heading-left\" style=\"margin:0;\">Prima consultazione sulla riproduzione<\/h1><\/div><div class=\"fusion-text fusion-text-1\"><p data-sourcepos=\"13:1-14:399\">Sappiamo che la decisione di cercare aiuto per concepire pu\u00f2 generare un turbinio di emozioni: speranza, dubbi, illusioni e forse anche qualche incertezza. Noi di Masfiv comprendiamo perfettamente questo momento. Ecco perch\u00e9 abbiamo concepito il primo consulto come uno spazio sicuro, confidenziale e amichevole dove potrai fare tutte le tue domande e sentirti accompagnato fin dall&#8217;inizio.  <\/p>\n<p data-sourcepos=\"16:1-16:198\">Questa prima visita \u00e8 molto pi\u00f9 di un appuntamento medico: \u00e8 il punto di partenza per capire la tua situazione particolare ed esplorare insieme le opzioni che la medicina riproduttiva di oggi pu\u00f2 offrirti.<\/p>\n<\/div><div class=\"fusion-image-element \" style=\"--awb-aspect-ratio:2 \/ 1;--awb-caption-title-font-family:var(--h2_typography-font-family);--awb-caption-title-font-weight:var(--h2_typography-font-weight);--awb-caption-title-font-style:var(--h2_typography-font-style);--awb-caption-title-size:var(--h2_typography-font-size);--awb-caption-title-transform:var(--h2_typography-text-transform);--awb-caption-title-line-height:var(--h2_typography-line-height);--awb-caption-title-letter-spacing:var(--h2_typography-letter-spacing);\"><span class=\" fusion-imageframe imageframe-none imageframe-1 hover-type-none has-aspect-ratio\"><img decoding=\"async\" width=\"2000\" height=\"1333\" alt=\"Primera Consulta de Reproducci\u00f3n\" title=\"Depositphotos_157484072_L\" src=\"https:\/\/masfiv.com\/wp-content\/uploads\/2025\/04\/Depositphotos_157484072_L-1.jpg\" data-orig-src=\"https:\/\/masfiv.com\/wp-content\/uploads\/2025\/04\/Depositphotos_157484072_L-1.jpg\" class=\"lazyload img-responsive wp-image-7929 img-with-aspect-ratio\" srcset=\"data:image\/svg+xml,%3Csvg%20xmlns%3D%27http%3A%2F%2Fwww.w3.org%2F2000%2Fsvg%27%20width%3D%272000%27%20height%3D%271333%27%20viewBox%3D%270%200%202000%201333%27%3E%3Crect%20width%3D%272000%27%20height%3D%271333%27%20fill-opacity%3D%220%22%2F%3E%3C%2Fsvg%3E\" data-srcset=\"https:\/\/masfiv.com\/wp-content\/uploads\/2025\/04\/Depositphotos_157484072_L-1-200x133.jpg 200w, https:\/\/masfiv.com\/wp-content\/uploads\/2025\/04\/Depositphotos_157484072_L-1-400x267.jpg 400w, https:\/\/masfiv.com\/wp-content\/uploads\/2025\/04\/Depositphotos_157484072_L-1-600x400.jpg 600w, https:\/\/masfiv.com\/wp-content\/uploads\/2025\/04\/Depositphotos_157484072_L-1-800x533.jpg 800w, https:\/\/masfiv.com\/wp-content\/uploads\/2025\/04\/Depositphotos_157484072_L-1-1200x800.jpg 1200w, https:\/\/masfiv.com\/wp-content\/uploads\/2025\/04\/Depositphotos_157484072_L-1.jpg 2000w\" data-sizes=\"auto\" data-orig-sizes=\"(max-width: 850px) 100vw, 1200px\" \/><\/span><\/div><div class=\"fusion-title title fusion-title-2 fusion-sep-none fusion-title-text fusion-title-size-two\" style=\"--awb-margin-top:20px;\"><h2 class=\"fusion-title-heading title-heading-left\" style=\"margin:0;\">In cosa consiste questa Prima Consultazione?<\/h2><\/div><div class=\"fusion-text fusion-text-2\"><p data-sourcepos=\"22:1-23:200\">Il nostro obiettivo principale in questa prima consultazione \u00e8 quello di conoscerci e di effettuare una valutazione iniziale completa. Per circa 60 minuti faremo quanto segue: <\/p>\n<ul data-sourcepos=\"25:1-29:0\">\n<li data-sourcepos=\"25:1-25:364\"><strong>Colloquio dettagliato:<\/strong> incontrerai uno dei nostri specialisti in riproduzione assistita. Parleremo con calma della tua storia (o della tua storia, se vieni da solo), dei tuoi desideri, della storia medica rilevante (ginecologica, andrologica, malattie precedenti, stile di vita), da quanto tempo stai cercando di rimanere incinta e di eventuali trattamenti precedenti. <\/li>\n<li data-sourcepos=\"26:1-26:374\"><strong>Valutazione iniziale:<\/strong> esamineremo tutti gli esami o i referti che hai portato con te. A seconda del tuo caso, durante la stessa visita potremo eseguire un&#8217;ecografia ginecologica per una valutazione iniziale e un esame del sangue per quantificare l&#8217;ormone antimulleriano. Ti spiegheremo anche quali esami diagnostici potrebbero essere necessari (come esami ormonali del sangue, analisi dello sperma, ecc.) per avere un quadro completo.  <\/li>\n<li data-sourcepos=\"27:1-27:250\"><strong>Rispondere alle tue domande:<\/strong> questo \u00e8 il tuo momento. Potrai chiedere tutto ci\u00f2 che hai bisogno di sapere sulla fertilit\u00e0, sulle possibili cause di difficolt\u00e0 di concepimento e sui diversi trattamenti di riproduzione assistita disponibili presso Masfiv. <\/li>\n<li data-sourcepos=\"28:1-29:0\"><strong>Primi passi:<\/strong> Anche se il piano di trattamento definitivo verr\u00e0 stabilito una volta ottenuti tutti i risultati, durante questa visita saremo in grado di guidarti sui possibili percorsi da seguire e sulle fasi successive del processo.<\/li>\n<\/ul>\n<\/div><div class=\"fusion-title title fusion-title-3 fusion-sep-none fusion-title-text fusion-title-size-two\" style=\"--awb-margin-top:20px;\"><h2 class=\"fusion-title-heading title-heading-left\" style=\"margin:0;\"><h2 data-sourcepos=\"27:1-27:72\">Per chi \u00e8 questa Consultazione?<\/h2><\/h2><\/div><div class=\"fusion-text fusion-text-3\"><p data-sourcepos=\"34:1-35:54\">Il primo consulto riproduttivo \u00e8 rivolto a:<\/p>\n<\/div><ul style=\"--awb-size:17px;--awb-item-padding-top:20px;--awb-item-padding-bottom:20px;--awb-item-padding-left:20px;--awb-odd-row-bgcolor:hsla(var(--awb-color5-h),var(--awb-color5-s),var(--awb-color5-l),calc(var(--awb-color5-a) - 95%));--awb-iconcolor:var(--awb-color5);--awb-line-height:28.9px;--awb-icon-width:28.9px;--awb-icon-height:28.9px;--awb-icon-margin:11.9px;--awb-content-margin:40.8px;--awb-circlecolor:var(--awb-color1);--awb-circle-yes-font-size:14.96px;\" class=\"fusion-checklist fusion-checklist-1 type-icons\"><li class=\"fusion-li-item\" style=\"\"><span class=\"icon-wrapper circle-yes\"><i class=\"fusion-li-icon awb-business-star-regular\" aria-hidden=\"true\"><\/i><\/span><div class=\"fusion-li-item-content\">\n<p><strong>Coppie<\/strong> che stanno cercando di concepire da tempo senza successo (in genere pi\u00f9 di 12 mesi se la donna ha meno di 35 anni, o pi\u00f9 di 6 mesi se ha pi\u00f9 di 35 anni).<\/p>\n<\/div><\/li><li class=\"fusion-li-item\" style=\"\"><span class=\"icon-wrapper circle-yes\"><i class=\"fusion-li-icon awb-business-star-regular\" aria-hidden=\"true\"><\/i><\/span><div class=\"fusion-li-item-content\">\n<p><strong>Donne<\/strong> che vogliono affrontare la maternit\u00e0 da sole.<\/p>\n<\/div><\/li><li class=\"fusion-li-item\" style=\"\"><span class=\"icon-wrapper circle-yes\"><i class=\"fusion-li-icon awb-business-star-regular\" aria-hidden=\"true\"><\/i><\/span><div class=\"fusion-li-item-content\">\n<p><strong>Coppie di donne<\/strong> che vogliono creare una famiglia.<\/p>\n<\/div><\/li><li class=\"fusion-li-item\" style=\"\"><span class=\"icon-wrapper circle-yes\"><i class=\"fusion-li-icon awb-business-star-regular\" aria-hidden=\"true\"><\/i><\/span><div class=\"fusion-li-item-content\">\n<p>Persone (uomini o donne) con <strong>dubbi sulla propria fertilit\u00e0<\/strong> o con un&#8217;anamnesi medica che potrebbe influenzarla.<\/p>\n<\/div><\/li><li class=\"fusion-li-item\" style=\"\"><span class=\"icon-wrapper circle-yes\"><i class=\"fusion-li-icon awb-business-star-regular\" aria-hidden=\"true\"><\/i><\/span><div class=\"fusion-li-item-content\">\n<p>Chi desidera informarsi sulla <strong>conservazione della fertilit\u00e0<\/strong> (vitrificazione degli ovuli o congelamento dello sperma) per motivi medici o sociali.<\/p>\n<\/div><\/li><li class=\"fusion-li-item\" style=\"\"><span class=\"icon-wrapper circle-yes\"><i class=\"fusion-li-icon awb-business-star-regular\" aria-hidden=\"true\"><\/i><\/span><div class=\"fusion-li-item-content\">\n<p>Qualsiasi individuo o coppia che cerchi semplicemente <strong>informazioni e una guida esperta<\/strong> sulla salute riproduttiva e sulle opzioni di trattamento.<\/p>\n<\/div><\/li><\/ul><\/div><\/div><div class=\"fusion-layout-column fusion_builder_column fusion-builder-column-1 fusion-flex-column\" style=\"--awb-z-index:1;--awb-padding-top:60px;--awb-padding-right:30px;--awb-padding-bottom:60px;--awb-padding-left:30px;--awb-overflow:hidden;--awb-bg-color:var(--awb-color2);--awb-bg-color-hover:var(--awb-color2);--awb-bg-size:cover;--awb-border-radius:0px 0px 0px 25px;--awb-transform:translateY(0px);--awb-transform-hover:translateY(10px);--awb-width-large:28%;--awb-margin-top-large:60px;--awb-spacing-right-large:6.8571428571429%;--awb-margin-bottom-large:60px;--awb-spacing-left-large:6.8571428571429%;--awb-width-medium:28%;--awb-order-medium:0;--awb-spacing-right-medium:6.8571428571429%;--awb-spacing-left-medium:6.8571428571429%;--awb-width-small:100%;--awb-order-small:0;--awb-spacing-right-small:1.92%;--awb-margin-bottom-small:0px;--awb-spacing-left-small:1.92%;\"><div class=\"fusion-column-wrapper fusion-column-has-shadow fusion-flex-justify-content-flex-start fusion-content-layout-column\"><i class=\"fb-icon-element-1 fb-icon-element fontawesome-icon fa-stethoscope fas circle-yes\" style=\"--awb-iconcolor:var(--awb-color5);--awb-circlecolor:var(--awb-color1);--awb-circlecolor-hover:var(--awb-color5);--awb-circlebordercolor:hsla(var(--awb-color4-h),var(--awb-color4-s),var(--awb-color4-l),calc(var(--awb-color4-a) - 80%));--awb-circlebordercolor-hover:hsla(var(--awb-color4-h),var(--awb-color4-s),var(--awb-color4-l),calc(var(--awb-color4-a) - 80%));--awb-circlebordersize:8px;--awb-font-size:56px;--awb-width:135px;--awb-height:135px;--awb-line-height:119px;--awb-align-self:center;--awb-margin-top:0px;--awb-margin-right:0px;--awb-margin-bottom:30px;--awb-margin-left:0px;\"><\/i><div class=\"fusion-title title fusion-title-4 fusion-sep-none fusion-title-center fusion-title-text fusion-title-size-five\" style=\"--awb-margin-bottom:10px;\"><h5 class=\"fusion-title-heading title-heading-center\" style=\"margin:0;\">Apparecchiature mediche specializzate<\/h5><\/div><div class=\"fusion-text fusion-text-4 fusion-text-no-margin\" style=\"--awb-content-alignment:center;--awb-margin-bottom:0px;\"><p>Ampia esperienza nei <strong>trattamenti di fertilit\u00e0 a Gipuzkoa<\/strong><\/p>\n<\/div><\/div><\/div><div class=\"fusion-layout-column fusion_builder_column fusion-builder-column-2 fusion-flex-column\" style=\"--awb-z-index:1;--awb-padding-top:60px;--awb-padding-right:30px;--awb-padding-bottom:60px;--awb-padding-left:30px;--awb-overflow:hidden;--awb-bg-color:var(--awb-color2);--awb-bg-color-hover:var(--awb-color2);--awb-bg-size:cover;--awb-border-radius:0px 0px 0px 25px;--awb-transform:translateY(0px);--awb-transform-hover:translateY(10px);--awb-width-large:28%;--awb-margin-top-large:60px;--awb-spacing-right-large:6.8571428571429%;--awb-margin-bottom-large:60px;--awb-spacing-left-large:6.8571428571429%;--awb-width-medium:28%;--awb-order-medium:0;--awb-spacing-right-medium:6.8571428571429%;--awb-spacing-left-medium:6.8571428571429%;--awb-width-small:100%;--awb-order-small:0;--awb-spacing-right-small:1.92%;--awb-margin-bottom-small:0px;--awb-spacing-left-small:1.92%;\"><div class=\"fusion-column-wrapper fusion-column-has-shadow fusion-flex-justify-content-flex-start fusion-content-layout-column\"><i class=\"fb-icon-element-2 fb-icon-element fontawesome-icon fa-heart fas circle-yes\" style=\"--awb-iconcolor:var(--awb-color5);--awb-circlecolor:var(--awb-color1);--awb-circlecolor-hover:var(--awb-color5);--awb-circlebordercolor:hsla(var(--awb-color4-h),var(--awb-color4-s),var(--awb-color4-l),calc(var(--awb-color4-a) - 80%));--awb-circlebordercolor-hover:hsla(var(--awb-color4-h),var(--awb-color4-s),var(--awb-color4-l),calc(var(--awb-color4-a) - 80%));--awb-circlebordersize:8px;--awb-font-size:56px;--awb-width:135px;--awb-height:135px;--awb-line-height:119px;--awb-align-self:center;--awb-margin-top:0px;--awb-margin-right:0px;--awb-margin-bottom:30px;--awb-margin-left:0px;\"><\/i><div class=\"fusion-title title fusion-title-5 fusion-sep-none fusion-title-center fusion-title-text fusion-title-size-five\" style=\"--awb-margin-bottom:10px;\"><h5 class=\"fusion-title-heading title-heading-center\" style=\"margin:0;\">Un&#8217;attenzione attenta e personalizzata<\/h5><\/div><div class=\"fusion-text fusion-text-5 fusion-text-no-margin\" style=\"--awb-content-alignment:center;--awb-margin-bottom:0px;\"><p>Ti accompagniamo <strong>24 ore su 24<\/strong> in ogni fase di tutti gli esami e i trattamenti.<\/p>\n<\/div><\/div><\/div><div class=\"fusion-layout-column fusion_builder_column fusion-builder-column-3 fusion-flex-column\" style=\"--awb-z-index:1;--awb-padding-top:60px;--awb-padding-right:30px;--awb-padding-bottom:60px;--awb-padding-left:30px;--awb-overflow:hidden;--awb-bg-color:var(--awb-color2);--awb-bg-color-hover:var(--awb-color2);--awb-bg-size:cover;--awb-border-radius:0px 0px 0px 25px;--awb-transform:translateY(0px);--awb-transform-hover:translateY(10px);--awb-width-large:28%;--awb-margin-top-large:60px;--awb-spacing-right-large:6.8571428571429%;--awb-margin-bottom-large:60px;--awb-spacing-left-large:6.8571428571429%;--awb-width-medium:28%;--awb-order-medium:0;--awb-spacing-right-medium:6.8571428571429%;--awb-spacing-left-medium:6.8571428571429%;--awb-width-small:100%;--awb-order-small:0;--awb-spacing-right-small:1.92%;--awb-spacing-left-small:1.92%;\"><div class=\"fusion-column-wrapper fusion-column-has-shadow fusion-flex-justify-content-flex-start fusion-content-layout-column\"><i class=\"fb-icon-element-3 fb-icon-element fontawesome-icon fa-microscope fas circle-yes\" style=\"--awb-iconcolor:var(--awb-color5);--awb-circlecolor:var(--awb-color1);--awb-circlecolor-hover:var(--awb-color5);--awb-circlebordercolor:hsla(var(--awb-color4-h),var(--awb-color4-s),var(--awb-color4-l),calc(var(--awb-color4-a) - 80%));--awb-circlebordercolor-hover:hsla(var(--awb-color4-h),var(--awb-color4-s),var(--awb-color4-l),calc(var(--awb-color4-a) - 80%));--awb-circlebordersize:8px;--awb-font-size:56px;--awb-width:135px;--awb-height:135px;--awb-line-height:119px;--awb-align-self:center;--awb-margin-top:0px;--awb-margin-right:0px;--awb-margin-bottom:30px;--awb-margin-left:0px;\"><\/i><div class=\"fusion-title title fusion-title-6 fusion-sep-none fusion-title-center fusion-title-text fusion-title-size-five\" style=\"--awb-margin-bottom:10px;\"><h5 class=\"fusion-title-heading title-heading-center\" style=\"margin:0;\">Tecnologia di laboratorio avanzata<\/h5><\/div><div class=\"fusion-text fusion-text-6 fusion-text-no-margin\" style=\"--awb-content-alignment:center;--awb-margin-bottom:0px;\"><p>Nuovi laboratori e sale operatorie all&#8217;avanguardia a Donostia, Spagna<\/p>\n<\/div><\/div><\/div><div class=\"fusion-layout-column fusion_builder_column fusion-builder-column-4 fusion_builder_column_5_6 5_6 fusion-flex-column\" style=\"--awb-bg-size:cover;--awb-width-large:83.333333333333%;--awb-margin-top-large:0px;--awb-spacing-right-large:2.304%;--awb-margin-bottom-large:0px;--awb-spacing-left-large:2.304%;--awb-width-medium:83.333333333333%;--awb-order-medium:0;--awb-spacing-right-medium:2.304%;--awb-spacing-left-medium:2.304%;--awb-width-small:100%;--awb-order-small:0;--awb-spacing-right-small:1.92%;--awb-spacing-left-small:1.92%;\"><div class=\"fusion-column-wrapper fusion-column-has-shadow fusion-flex-justify-content-flex-start fusion-content-layout-column\"><div class=\"fusion-title title fusion-title-7 fusion-sep-none fusion-title-text fusion-title-size-two\" style=\"--awb-margin-top:20px;\"><h2 class=\"fusion-title-heading title-heading-left\" style=\"margin:0;\">Come puoi prepararti per sfruttare al meglio la tua visita?<\/h2><\/div><div class=\"fusion-text fusion-text-7\"><ul>\n<li data-sourcepos=\"50:1-50:177\"><strong>Rapporti precedenti:<\/strong> se sei in possesso di referti medici, risultati di esami, seminogrammi o informazioni su trattamenti precedenti, portali con te: tutte le informazioni sono utili! <\/li>\n<li data-sourcepos=\"51:1-51:137\"><strong>Vieni in coppia (se applicabile):<\/strong> quando \u00e8 possibile, consigliamo a entrambi i partner di partecipare a questo primo appuntamento insieme.<\/li>\n<li data-sourcepos=\"52:1-52:137\"><strong>Scrivi le tue domande:<\/strong> \u00c8 normale avere molte domande. Scrivile prima di venire per essere sicuro di non dimenticare nulla di importante. <\/li>\n<li data-sourcepos=\"53:1-54:0\"><strong>Rilassati:<\/strong> sei in un ambiente professionale e affidabile. Il nostro team \u00e8 qui per aiutarti. <\/li>\n<\/ul>\n<\/div><div class=\"fusion-title title fusion-title-8 fusion-sep-none fusion-title-text fusion-title-size-two\" style=\"--awb-margin-top:20px;\"><h2 class=\"fusion-title-heading title-heading-left\" style=\"margin:0;\"><h2 data-sourcepos=\"41:1-41:65\">Quali sono i prossimi passi?<\/h2><\/h2><\/div><div class=\"fusion-text fusion-text-8\"><p>Al termine di questa prima visita con il nostro ginecologo e sulla base della valutazione iniziale, ti forniremo indicazioni dettagliate sui costi associati agli esami diagnostici e ai trattamenti che potrebbero essere necessari nel tuo caso. Il nostro team ti spiegher\u00e0 le tariffe e i diversi metodi di pagamento disponibili in tutta trasparenza. <\/p>\n<p>Successivamente, una volta eseguiti gli esami diagnostici indicati, avremo una panoramica completa della tua situazione riproduttiva. Ti contatteremo per fissare un secondo appuntamento in cui analizzeremo i risultati, stabiliremo una diagnosi accurata (se applicabile) e ti proporremo il piano di trattamento personalizzato pi\u00f9 adatto a te. <\/p><\/p>\n<\/div><\/div><\/div><\/div><\/div><div class=\"fusion-fullwidth fullwidth-box fusion-builder-row-2 fusion-flex-container nonhundred-percent-fullwidth non-hundred-percent-height-scrolling\" style=\"--link_hover_color: hsla(var(--awb-color1-h),var(--awb-color1-s),var(--awb-color1-l),calc( var(--awb-color1-a) - 10% ));--link_color: var(--awb-color1);--awb-border-radius-top-left:0px;--awb-border-radius-top-right:0px;--awb-border-radius-bottom-right:0px;--awb-border-radius-bottom-left:0px;--awb-padding-top:4%;--awb-padding-bottom:4%;--awb-padding-bottom-medium:30px;--awb-background-color:var(--awb-color5);--awb-flex-wrap:wrap;\" ><div class=\"fusion-builder-row fusion-row fusion-flex-align-items-center fusion-flex-content-wrap\" style=\"max-width:1372.8px;margin-left: calc(-4% \/ 2 );margin-right: calc(-4% \/ 2 );\"><div class=\"fusion-layout-column fusion_builder_column fusion-builder-column-5 fusion_builder_column_1_1 1_1 fusion-flex-column\" style=\"--awb-bg-size:cover;--awb-width-large:100%;--awb-margin-top-large:0px;--awb-spacing-right-large:1.92%;--awb-margin-bottom-large:20px;--awb-spacing-left-large:1.92%;--awb-width-medium:100%;--awb-spacing-right-medium:1.92%;--awb-spacing-left-medium:1.92%;--awb-width-small:100%;--awb-order-small:0;--awb-spacing-right-small:1.92%;--awb-spacing-left-small:1.92%;\"><div class=\"fusion-column-wrapper fusion-column-has-shadow fusion-flex-justify-content-flex-start fusion-content-layout-column\"><div class=\"fusion-title title fusion-title-9 fusion-sep-none fusion-title-center fusion-title-text fusion-title-size-two fusion-animated\" style=\"--awb-text-color:var(--awb-color1);--awb-margin-bottom:36px;--awb-margin-bottom-medium:30px;\" data-animationType=\"fadeInDown\" data-animationDuration=\"1.4\" data-animationOffset=\"top-into-view\"><h2 class=\"fusion-title-heading title-heading-center\" style=\"margin:0;\">Organizza una prima visita gratuita<\/h2><\/div><div style=\"text-align:center;\"><a class=\"fusion-button button-flat fusion-button-default-size button-custom fusion-button-default button-1 fusion-button-default-span fusion-button-default-type fusion-animated\" style=\"--button_accent_color:var(--awb-color8);--button_border_color:var(--awb-color8);--button_accent_hover_color:var(--awb-color1);--button_border_hover_color:var(--awb-color1);--button_border_width-top:2px;--button_border_width-right:2px;--button_border_width-bottom:2px;--button_border_width-left:2px;--button_gradient_top_color:var(--awb-color1);--button_gradient_bottom_color:var(--awb-color1);--button_gradient_top_color_hover:hsla(var(--awb-color1-h),var(--awb-color1-s),var(--awb-color1-l),calc(var(--awb-color1-a) - 100%));--button_gradient_bottom_color_hover:hsla(var(--awb-color1-h),var(--awb-color1-s),var(--awb-color1-l),calc(var(--awb-color1-a) - 100%));--button_margin-bottom:30px;\" data-animationType=\"fadeInLeft\" data-animationDuration=\"1.0\" data-animationOffset=\"top-into-view\" target=\"_self\" href=\"https:\/\/masfiv.com\/it\/contatto\/\"><span class=\"fusion-button-text\">Contatta il nostro team<\/span><\/a><\/div><div class=\"fusion-builder-row fusion-builder-row-inner fusion-row fusion-flex-align-items-center fusion-flex-content-wrap\" style=\"width:104% !important;max-width:104% !important;margin-left: calc(-4% \/ 2 );margin-right: calc(-4% \/ 2 );\"><div class=\"fusion-layout-column fusion_builder_column_inner fusion-builder-nested-column-0 fusion_builder_column_inner_1_2 1_2 fusion-flex-column\" style=\"--awb-bg-size:cover;--awb-width-large:50%;--awb-margin-top-large:0px;--awb-spacing-right-large:3.84%;--awb-margin-bottom-large:20px;--awb-spacing-left-large:3.84%;--awb-width-medium:50%;--awb-order-medium:0;--awb-spacing-right-medium:3.84%;--awb-spacing-left-medium:3.84%;--awb-width-small:100%;--awb-order-small:0;--awb-margin-top-small:0px;--awb-spacing-right-small:1.92%;--awb-margin-bottom-small:0px;--awb-spacing-left-small:1.92%;\"><div class=\"fusion-column-wrapper fusion-column-has-shadow fusion-flex-justify-content-flex-start fusion-content-layout-column\"><div class=\"fusion-text fusion-text-9 sm-text-align-center fusion-animated\" style=\"--awb-content-alignment:right;--awb-font-size:24px;--awb-line-height:1.4em;--awb-letter-spacing:-0.01em;--awb-text-color:var(--awb-color1);--awb-text-font-family:var(--awb-typography4-font-family);--awb-text-font-weight:var(--awb-typography4-font-weight);--awb-text-font-style:var(--awb-typography4-font-style);\" data-animationType=\"fadeInLeft\" data-animationDuration=\"1.0\" data-animationOffset=\"top-into-view\"><p>Una prima riproduzione con noi dura circa 60 minuti.<\/p>\n<\/div><\/div><\/div><div class=\"fusion-layout-column fusion_builder_column_inner fusion-builder-nested-column-1 fusion_builder_column_inner_1_2 1_2 fusion-flex-column\" style=\"--awb-bg-size:cover;--awb-width-large:50%;--awb-margin-top-large:0px;--awb-spacing-right-large:3.84%;--awb-margin-bottom-large:20px;--awb-spacing-left-large:3.84%;--awb-width-medium:50%;--awb-order-medium:0;--awb-spacing-right-medium:3.84%;--awb-spacing-left-medium:3.84%;--awb-width-small:100%;--awb-order-small:0;--awb-margin-top-small:0px;--awb-spacing-right-small:1.92%;--awb-margin-bottom-small:0px;--awb-spacing-left-small:1.92%;\"><div class=\"fusion-column-wrapper fusion-column-has-shadow fusion-flex-justify-content-flex-start fusion-content-layout-column\"><div class=\"fusion-text fusion-text-10 sm-text-align-center fusion-animated\" style=\"--awb-content-alignment:left;--awb-font-size:24px;--awb-line-height:1.4em;--awb-letter-spacing:-0.01em;--awb-text-color:var(--awb-color1);--awb-text-font-family:var(--awb-typography4-font-family);--awb-text-font-weight:var(--awb-typography4-font-weight);--awb-text-font-style:var(--awb-typography4-font-style);\" data-animationType=\"fadeInLeft\" data-animationDuration=\"1.0\" data-animationOffset=\"top-into-view\"><p>Inoltre, vengono effettuati un&#8217;ecografia e, se necessario, un esame del sangue per valutare nel dettaglio la riserva ovarica.<\/p>\n<\/div><\/div><\/div><\/div><\/div><\/div><\/div><\/div>\n<\/p>\n","protected":false},"excerpt":{"rendered":"","protected":false},"author":5,"featured_media":0,"parent":7950,"menu_order":0,"comment_status":"closed","ping_status":"closed","template":"100-width.php","meta":{"footnotes":""},"class_list":["post-7942","page","type-page","status-publish","hentry"],"_links":{"self":[{"href":"https:\/\/masfiv.com\/it\/wp-json\/wp\/v2\/pages\/7942","targetHints":{"allow":["GET"]}}],"collection":[{"href":"https:\/\/masfiv.com\/it\/wp-json\/wp\/v2\/pages"}],"about":[{"href":"https:\/\/masfiv.com\/it\/wp-json\/wp\/v2\/types\/page"}],"author":[{"embeddable":true,"href":"https:\/\/masfiv.com\/it\/wp-json\/wp\/v2\/users\/5"}],"replies":[{"embeddable":true,"href":"https:\/\/masfiv.com\/it\/wp-json\/wp\/v2\/comments?post=7942"}],"version-history":[{"count":2,"href":"https:\/\/masfiv.com\/it\/wp-json\/wp\/v2\/pages\/7942\/revisions"}],"predecessor-version":[{"id":7944,"href":"https:\/\/masfiv.com\/it\/wp-json\/wp\/v2\/pages\/7942\/revisions\/7944"}],"up":[{"embeddable":true,"href":"https:\/\/masfiv.com\/it\/wp-json\/wp\/v2\/pages\/7950"}],"wp:attachment":[{"href":"https:\/\/masfiv.com\/it\/wp-json\/wp\/v2\/media?parent=7942"}],"curies":[{"name":"wp","href":"https:\/\/api.w.org\/{rel}","templated":true}]}}